{"id":1420,"date":"2016-02-12T08:12:49","date_gmt":"2016-02-12T08:12:49","guid":{"rendered":"http:\/\/demos.famethemes.com\/onepress\/?page_id=23"},"modified":"2023-02-23T22:07:26","modified_gmt":"2023-02-23T22:07:26","slug":"service-title-1-2","status":"publish","type":"page","link":"https:\/\/slackware.org.ve\/?page_id=1420","title":{"rendered":"Soporte Remoto y Presencial"},"content":{"rendered":"\t\t<div data-elementor-type=\"wp-page\" data-elementor-id=\"1420\" class=\"elementor elementor-1420\">\n\t\t\t\t\t\t\t\t\t<section class=\"elementor-section elementor-top-section elementor-element elementor-element-47b96ec elementor-section-boxed elementor-section-height-default elementor-section-height-default\" data-id=\"47b96ec\" data-element_type=\"section\">\n\t\t\t\t\t\t<div class=\"elementor-container elementor-column-gap-default\">\n\t\t\t\t\t<div class=\"elementor-column elementor-col-100 elementor-top-column elementor-element elementor-element-6b9187d\" data-id=\"6b9187d\" data-element_type=\"column\">\n\t\t\t<div class=\"elementor-widget-wrap elementor-element-populated\">\n\t\t\t\t\t\t\t\t<div class=\"elementor-element elementor-element-d16eb85 elementor-invisible elementor-widget elementor-widget-image\" data-id=\"d16eb85\" data-element_type=\"widget\" data-settings=\"{&quot;_animation&quot;:&quot;pulse&quot;}\" data-widget_type=\"image.default\">\n\t\t\t\t<div class=\"elementor-widget-container\">\n\t\t\t<style>\/*! elementor - v3.11.2 - 22-02-2023 *\/\n.elementor-widget-image{text-align:center}.elementor-widget-image a{display:inline-block}.elementor-widget-image a img[src$=\".svg\"]{width:48px}.elementor-widget-image img{vertical-align:middle;display:inline-block}<\/style>\t\t\t\t\t\t\t\t\t\t\t\t<img loading=\"lazy\" decoding=\"async\" width=\"768\" height=\"372\" src=\"https:\/\/slackware.org.ve\/wp-content\/uploads\/2023\/02\/toppng.com-technical-support-banner-help-desk-967x468-1-768x372.png\" class=\"attachment-medium_large size-medium_large wp-image-1566\" alt=\"\" srcset=\"https:\/\/slackware.org.ve\/wp-content\/uploads\/2023\/02\/toppng.com-technical-support-banner-help-desk-967x468-1-768x372.png 768w, https:\/\/slackware.org.ve\/wp-content\/uploads\/2023\/02\/toppng.com-technical-support-banner-help-desk-967x468-1-300x145.png 300w, https:\/\/slackware.org.ve\/wp-content\/uploads\/2023\/02\/toppng.com-technical-support-banner-help-desk-967x468-1.png 967w\" sizes=\"auto, (max-width: 768px) 100vw, 768px\" \/>\t\t\t\t\t\t\t\t\t\t\t\t\t\t\t<\/div>\n\t\t\t\t<\/div>\n\t\t\t\t\t<\/div>\n\t\t<\/div>\n\t\t\t\t\t\t\t<\/div>\n\t\t<\/section>\n\t\t\t\t<section class=\"elementor-section elementor-top-section elementor-element elementor-element-73493337 elementor-section-boxed elementor-section-height-default elementor-section-height-default\" data-id=\"73493337\" data-element_type=\"section\">\n\t\t\t\t\t\t<div class=\"elementor-container elementor-column-gap-default\">\n\t\t\t\t\t<div class=\"elementor-column elementor-col-100 elementor-top-column elementor-element elementor-element-49a47b4c\" data-id=\"49a47b4c\" data-element_type=\"column\">\n\t\t\t<div class=\"elementor-widget-wrap elementor-element-populated\">\n\t\t\t\t\t\t\t\t<div class=\"elementor-element elementor-element-6b848cb7 elementor-widget elementor-widget-text-editor\" data-id=\"6b848cb7\" data-element_type=\"widget\" data-widget_type=\"text-editor.default\">\n\t\t\t\t<div class=\"elementor-widget-container\">\n\t\t\t<style>\/*! elementor - v3.11.2 - 22-02-2023 *\/\n.elementor-widget-text-editor.elementor-drop-cap-view-stacked .elementor-drop-cap{background-color:#818a91;color:#fff}.elementor-widget-text-editor.elementor-drop-cap-view-framed .elementor-drop-cap{color:#818a91;border:3px solid;background-color:transparent}.elementor-widget-text-editor:not(.elementor-drop-cap-view-default) .elementor-drop-cap{margin-top:8px}.elementor-widget-text-editor:not(.elementor-drop-cap-view-default) .elementor-drop-cap-letter{width:1em;height:1em}.elementor-widget-text-editor .elementor-drop-cap{float:left;text-align:center;line-height:1;font-size:50px}.elementor-widget-text-editor .elementor-drop-cap-letter{display:inline-block}<\/style>\t\t\t\t\n\n<!-- wp:paragraph -->\n<p>Queridos clientes,<\/p>\n<!-- \/wp:paragraph -->\n\n<!-- wp:paragraph -->\n<p>En un mundo cada vez m\u00e1s digital, es fundamental contar con un equipo de profesionales capacitados para brindar soporte t\u00e9cnico de calidad a sus dispositivos. En nuestra empresa, nos enorgullece ofrecer un servicio integral y personalizado que abarque desde el formateo hasta la instalaci\u00f3n de software de oficina, pasando por la recuperaci\u00f3n de datos y los respaldos.<\/p>\n<!-- \/wp:paragraph -->\n\n<!-- wp:paragraph -->\n<p>Nuestro equipo est\u00e1 conformado por expertos en tecnolog\u00eda con m\u00e1s de 20 a\u00f1os de experiencia en el rubro. Estamos comprometidos con brindar un servicio r\u00e1pido, eficiente y de calidad a todos nuestros clientes. Nos enfocamos en resolver cualquier problema t\u00e9cnico que pueda surgir en sus dispositivos, y en brindar soluciones efectivas y a largo plazo.<\/p>\n<!-- \/wp:paragraph -->\n\n<!-- wp:paragraph -->\n<p>Adem\u00e1s, nos esforzamos por mantenernos actualizados en las \u00faltimas tendencias y tecnolog\u00edas para poder ofrecer siempre un servicio de vanguardia y alineado con las necesidades de nuestros clientes.<\/p>\n<!-- \/wp:paragraph -->\n\n<!-- wp:paragraph -->\n<p>No dudes en contactarnos para obtener m\u00e1s informaci\u00f3n sobre nuestro servicio de soporte t\u00e9cnico. Juntos, podemos asegurarnos de que tus dispositivos est\u00e9n siempre en \u00f3ptimas condiciones y funcionando a la perfecci\u00f3n. \u00a1Te esperamos!<\/p>\n<!-- \/wp:paragraph -->\n\n<!-- wp:paragraph -->\n<p>Atentamente, <strong>OpenTechnologies<\/strong>.<\/p>\n<!-- \/wp:paragraph -->\t\t\t\t\t\t<\/div>\n\t\t\t\t<\/div>\n\t\t\t\t\t<\/div>\n\t\t<\/div>\n\t\t\t\t\t\t\t<\/div>\n\t\t<\/section>\n\t\t\t\t\t\t\t<\/div>\n\t\t","protected":false},"excerpt":{"rendered":"<p>Diagnostico preciso para sus problemas tecnol\u00f3gicos remoto a nivel mundial y presencial en Maracaibo, Venezuela.<\/p>\n","protected":false},"author":1,"featured_media":0,"parent":0,"menu_order":0,"comment_status":"closed","ping_status":"closed","template":"","meta":{"_joinchat":[],"footnotes":""},"class_list":["post-1420","page","type-page","status-publish","hentry"],"yoast_head":"<!-- This site is optimized with the Yoast SEO plugin v20.1 - https:\/\/yoast.com\/wordpress\/plugins\/seo\/ -->\n<title>Soporte Remoto y Presencial - Slackware de Venezuela<\/title>\n<meta name=\"description\" content=\"Soporte Remoto y Presencial Slackware de Venezuela -\" \/>\n<meta name=\"robots\" content=\"index, follow, max-snippet:-1, max-image-preview:large, max-video-preview:-1\" \/>\n<link rel=\"canonical\" href=\"https:\/\/slackware.org.ve\/?page_id=1420\" \/>\n<meta property=\"og:locale\" content=\"es_ES\" \/>\n<meta property=\"og:type\" content=\"article\" \/>\n<meta property=\"og:title\" content=\"Soporte Remoto y Presencial - Slackware de Venezuela\" \/>\n<meta property=\"og:description\" content=\"Soporte Remoto y Presencial Slackware de Venezuela -\" \/>\n<meta property=\"og:url\" content=\"https:\/\/slackware.org.ve\/?page_id=1420\" \/>\n<meta property=\"og:site_name\" content=\"Slackware de Venezuela\" \/>\n<meta property=\"article:modified_time\" content=\"2023-02-23T22:07:26+00:00\" \/>\n<meta property=\"og:image\" content=\"http:\/\/slackware.org.ve\/wp-content\/uploads\/2023\/02\/toppng.com-technical-support-banner-help-desk-967x468-1-768x372.png\" \/>\n<meta name=\"twitter:card\" content=\"summary_large_image\" \/>\n<meta name=\"twitter:label1\" content=\"Tiempo de lectura\" \/>\n\t<meta name=\"twitter:data1\" content=\"2 minutos\" \/>\n<script type=\"application\/ld+json\" class=\"yoast-schema-graph\">{\"@context\":\"https:\/\/schema.org\",\"@graph\":[{\"@type\":\"WebPage\",\"@id\":\"https:\/\/slackware.org.ve\/?page_id=1420\",\"url\":\"https:\/\/slackware.org.ve\/?page_id=1420\",\"name\":\"Soporte Remoto y Presencial - Slackware de Venezuela\",\"isPartOf\":{\"@id\":\"https:\/\/slackware.org.ve\/#website\"},\"datePublished\":\"2016-02-12T08:12:49+00:00\",\"dateModified\":\"2023-02-23T22:07:26+00:00\",\"description\":\"Soporte Remoto y Presencial Slackware de Venezuela -\",\"breadcrumb\":{\"@id\":\"https:\/\/slackware.org.ve\/?page_id=1420#breadcrumb\"},\"inLanguage\":\"es\",\"potentialAction\":[{\"@type\":\"ReadAction\",\"target\":[\"https:\/\/slackware.org.ve\/?page_id=1420\"]}]},{\"@type\":\"BreadcrumbList\",\"@id\":\"https:\/\/slackware.org.ve\/?page_id=1420#breadcrumb\",\"itemListElement\":[{\"@type\":\"ListItem\",\"position\":1,\"name\":\"Portada\",\"item\":\"https:\/\/slackware.org.ve\/\"},{\"@type\":\"ListItem\",\"position\":2,\"name\":\"Soporte Remoto y Presencial\"}]},{\"@type\":\"WebSite\",\"@id\":\"https:\/\/slackware.org.ve\/#website\",\"url\":\"https:\/\/slackware.org.ve\/\",\"name\":\"Slackware de Venezuela\",\"description\":\"\",\"publisher\":{\"@id\":\"https:\/\/slackware.org.ve\/#organization\"},\"alternateName\":\"OpenTechnologies\",\"potentialAction\":[{\"@type\":\"SearchAction\",\"target\":{\"@type\":\"EntryPoint\",\"urlTemplate\":\"https:\/\/slackware.org.ve\/?s={search_term_string}\"},\"query-input\":\"required name=search_term_string\"}],\"inLanguage\":\"es\"},{\"@type\":\"Organization\",\"@id\":\"https:\/\/slackware.org.ve\/#organization\",\"name\":\"Slackware de Venezuela\",\"url\":\"https:\/\/slackware.org.ve\/\",\"logo\":{\"@type\":\"ImageObject\",\"inLanguage\":\"es\",\"@id\":\"https:\/\/slackware.org.ve\/#\/schema\/logo\/image\/\",\"url\":\"https:\/\/slackware.org.ve\/wp-content\/uploads\/2023\/02\/cropped-S.png\",\"contentUrl\":\"https:\/\/slackware.org.ve\/wp-content\/uploads\/2023\/02\/cropped-S.png\",\"width\":512,\"height\":512,\"caption\":\"Slackware de Venezuela\"},\"image\":{\"@id\":\"https:\/\/slackware.org.ve\/#\/schema\/logo\/image\/\"}}]}<\/script>\n<!-- \/ Yoast SEO plugin. -->","yoast_head_json":{"title":"Soporte Remoto y Presencial - Slackware de Venezuela","description":"Soporte Remoto y Presencial Slackware de Venezuela -","robots":{"index":"index","follow":"follow","max-snippet":"max-snippet:-1","max-image-preview":"max-image-preview:large","max-video-preview":"max-video-preview:-1"},"canonical":"https:\/\/slackware.org.ve\/?page_id=1420","og_locale":"es_ES","og_type":"article","og_title":"Soporte Remoto y Presencial - Slackware de Venezuela","og_description":"Soporte Remoto y Presencial Slackware de Venezuela -","og_url":"https:\/\/slackware.org.ve\/?page_id=1420","og_site_name":"Slackware de Venezuela","article_modified_time":"2023-02-23T22:07:26+00:00","og_image":[{"url":"http:\/\/slackware.org.ve\/wp-content\/uploads\/2023\/02\/toppng.com-technical-support-banner-help-desk-967x468-1-768x372.png"}],"twitter_card":"summary_large_image","twitter_misc":{"Tiempo de lectura":"2 minutos"},"schema":{"@context":"https:\/\/schema.org","@graph":[{"@type":"WebPage","@id":"https:\/\/slackware.org.ve\/?page_id=1420","url":"https:\/\/slackware.org.ve\/?page_id=1420","name":"Soporte Remoto y Presencial - Slackware de Venezuela","isPartOf":{"@id":"https:\/\/slackware.org.ve\/#website"},"datePublished":"2016-02-12T08:12:49+00:00","dateModified":"2023-02-23T22:07:26+00:00","description":"Soporte Remoto y Presencial Slackware de Venezuela -","breadcrumb":{"@id":"https:\/\/slackware.org.ve\/?page_id=1420#breadcrumb"},"inLanguage":"es","potentialAction":[{"@type":"ReadAction","target":["https:\/\/slackware.org.ve\/?page_id=1420"]}]},{"@type":"BreadcrumbList","@id":"https:\/\/slackware.org.ve\/?page_id=1420#breadcrumb","itemListElement":[{"@type":"ListItem","position":1,"name":"Portada","item":"https:\/\/slackware.org.ve\/"},{"@type":"ListItem","position":2,"name":"Soporte Remoto y Presencial"}]},{"@type":"WebSite","@id":"https:\/\/slackware.org.ve\/#website","url":"https:\/\/slackware.org.ve\/","name":"Slackware de Venezuela","description":"","publisher":{"@id":"https:\/\/slackware.org.ve\/#organization"},"alternateName":"OpenTechnologies","potentialAction":[{"@type":"SearchAction","target":{"@type":"EntryPoint","urlTemplate":"https:\/\/slackware.org.ve\/?s={search_term_string}"},"query-input":"required name=search_term_string"}],"inLanguage":"es"},{"@type":"Organization","@id":"https:\/\/slackware.org.ve\/#organization","name":"Slackware de Venezuela","url":"https:\/\/slackware.org.ve\/","logo":{"@type":"ImageObject","inLanguage":"es","@id":"https:\/\/slackware.org.ve\/#\/schema\/logo\/image\/","url":"https:\/\/slackware.org.ve\/wp-content\/uploads\/2023\/02\/cropped-S.png","contentUrl":"https:\/\/slackware.org.ve\/wp-content\/uploads\/2023\/02\/cropped-S.png","width":512,"height":512,"caption":"Slackware de Venezuela"},"image":{"@id":"https:\/\/slackware.org.ve\/#\/schema\/logo\/image\/"}}]}},"_links":{"self":[{"href":"https:\/\/slackware.org.ve\/index.php?rest_route=\/wp\/v2\/pages\/1420","targetHints":{"allow":["GET"]}}],"collection":[{"href":"https:\/\/slackware.org.ve\/index.php?rest_route=\/wp\/v2\/pages"}],"about":[{"href":"https:\/\/slackware.org.ve\/index.php?rest_route=\/wp\/v2\/types\/page"}],"author":[{"embeddable":true,"href":"https:\/\/slackware.org.ve\/index.php?rest_route=\/wp\/v2\/users\/1"}],"replies":[{"embeddable":true,"href":"https:\/\/slackware.org.ve\/index.php?rest_route=%2Fwp%2Fv2%2Fcomments&post=1420"}],"version-history":[{"count":19,"href":"https:\/\/slackware.org.ve\/index.php?rest_route=\/wp\/v2\/pages\/1420\/revisions"}],"predecessor-version":[{"id":1578,"href":"https:\/\/slackware.org.ve\/index.php?rest_route=\/wp\/v2\/pages\/1420\/revisions\/1578"}],"wp:attachment":[{"href":"https:\/\/slackware.org.ve\/index.php?rest_route=%2Fwp%2Fv2%2Fmedia&parent=1420"}],"curies":[{"name":"wp","href":"https:\/\/api.w.org\/{rel}","templated":true}]}}