{"id":1421,"date":"2016-02-12T08:13:06","date_gmt":"2016-02-12T08:13:06","guid":{"rendered":"http:\/\/demos.famethemes.com\/onepress\/?page_id=24"},"modified":"2023-02-23T21:23:51","modified_gmt":"2023-02-23T21:23:51","slug":"service-title-2-2","status":"publish","type":"page","link":"https:\/\/slackware.org.ve\/?page_id=1421","title":{"rendered":"Mentoring \/ Tutoria"},"content":{"rendered":"\t\t<div data-elementor-type=\"wp-page\" data-elementor-id=\"1421\" class=\"elementor elementor-1421\">\n\t\t\t\t\t\t\t\t\t<section class=\"elementor-section elementor-top-section elementor-element elementor-element-f66d748 elementor-section-boxed elementor-section-height-default elementor-section-height-default\" data-id=\"f66d748\" data-element_type=\"section\">\n\t\t\t\t\t\t<div class=\"elementor-container elementor-column-gap-default\">\n\t\t\t\t\t<div class=\"elementor-column elementor-col-100 elementor-top-column elementor-element elementor-element-7b5749e\" data-id=\"7b5749e\" data-element_type=\"column\">\n\t\t\t<div class=\"elementor-widget-wrap elementor-element-populated\">\n\t\t\t\t\t\t\t\t<div class=\"elementor-element elementor-element-3b2ddec elementor-invisible elementor-widget elementor-widget-image\" data-id=\"3b2ddec\" data-element_type=\"widget\" data-settings=\"{&quot;_animation&quot;:&quot;bounceInUp&quot;}\" data-widget_type=\"image.default\">\n\t\t\t\t<div class=\"elementor-widget-container\">\n\t\t\t<style>\/*! elementor - v3.11.2 - 22-02-2023 *\/\n.elementor-widget-image{text-align:center}.elementor-widget-image a{display:inline-block}.elementor-widget-image a img[src$=\".svg\"]{width:48px}.elementor-widget-image img{vertical-align:middle;display:inline-block}<\/style>\t\t\t\t\t\t\t\t\t\t\t\t<img loading=\"lazy\" decoding=\"async\" width=\"768\" height=\"432\" src=\"https:\/\/slackware.org.ve\/wp-content\/uploads\/2023\/02\/Guide-to-Creating-a-Mentoring-Program_thumbnail-768x432.jpg\" class=\"attachment-medium_large size-medium_large wp-image-1559\" alt=\"\" srcset=\"https:\/\/slackware.org.ve\/wp-content\/uploads\/2023\/02\/Guide-to-Creating-a-Mentoring-Program_thumbnail-768x432.jpg 768w, https:\/\/slackware.org.ve\/wp-content\/uploads\/2023\/02\/Guide-to-Creating-a-Mentoring-Program_thumbnail-300x169.jpg 300w, https:\/\/slackware.org.ve\/wp-content\/uploads\/2023\/02\/Guide-to-Creating-a-Mentoring-Program_thumbnail.jpg 818w\" sizes=\"auto, (max-width: 768px) 100vw, 768px\" \/>\t\t\t\t\t\t\t\t\t\t\t\t\t\t\t<\/div>\n\t\t\t\t<\/div>\n\t\t\t\t\t<\/div>\n\t\t<\/div>\n\t\t\t\t\t\t\t<\/div>\n\t\t<\/section>\n\t\t\t\t<section class=\"elementor-section elementor-top-section elementor-element elementor-element-1cfd07e0 elementor-section-boxed elementor-section-height-default elementor-section-height-default\" data-id=\"1cfd07e0\" data-element_type=\"section\">\n\t\t\t\t\t\t<div class=\"elementor-container elementor-column-gap-default\">\n\t\t\t\t\t<div class=\"elementor-column elementor-col-100 elementor-top-column elementor-element elementor-element-152e32ff\" data-id=\"152e32ff\" data-element_type=\"column\">\n\t\t\t<div class=\"elementor-widget-wrap elementor-element-populated\">\n\t\t\t\t\t\t\t\t<div class=\"elementor-element elementor-element-a2ac7ba elementor-widget elementor-widget-text-editor\" data-id=\"a2ac7ba\" data-element_type=\"widget\" data-widget_type=\"text-editor.default\">\n\t\t\t\t<div class=\"elementor-widget-container\">\n\t\t\t<style>\/*! elementor - v3.11.2 - 22-02-2023 *\/\n.elementor-widget-text-editor.elementor-drop-cap-view-stacked .elementor-drop-cap{background-color:#818a91;color:#fff}.elementor-widget-text-editor.elementor-drop-cap-view-framed .elementor-drop-cap{color:#818a91;border:3px solid;background-color:transparent}.elementor-widget-text-editor:not(.elementor-drop-cap-view-default) .elementor-drop-cap{margin-top:8px}.elementor-widget-text-editor:not(.elementor-drop-cap-view-default) .elementor-drop-cap-letter{width:1em;height:1em}.elementor-widget-text-editor .elementor-drop-cap{float:left;text-align:center;line-height:1;font-size:50px}.elementor-widget-text-editor .elementor-drop-cap-letter{display:inline-block}<\/style>\t\t\t\t<div class=\"flex flex-grow flex-col gap-3\">\n<div class=\"min-h-[20px] flex flex-col items-start gap-4 whitespace-pre-wrap\">\n<div class=\"markdown prose w-full break-words dark:prose-invert light\">\n\nEn <strong>OpenTechologies,<\/strong> ofrecemos servicios de mentoring o tutelaje en tecnolog\u00edas libres y abiertas, desde nivel b\u00e1sico hasta experto. Nuestros mentores est\u00e1n altamente capacitados y cuentan con a\u00f1os de experiencia en una variedad de tecnolog\u00edas, incluyendo Linux, Python, PHP, y muchas m\u00e1s.\n\nNuestro enfoque de mentoring es personalizado, lo que significa que trabajaremos contigo para entender tus objetivos, necesidades y nivel de experiencia para crear un plan de mentor\u00eda que se adapte a tus necesidades. A medida que trabajamos juntos, te brindaremos una orientaci\u00f3n valiosa y te ayudaremos a desarrollar tus habilidades en tecnolog\u00edas libres y abiertas, permiti\u00e9ndote tener \u00e9xito en tus proyectos y alcanzar tus objetivos.\n\nOfrecemos sesiones de mentoring tanto en l\u00ednea como en persona, lo que nos permite adaptarnos a tu horario y preferencias. Ya sea que necesites ayuda en un proyecto espec\u00edfico, o desees un enfoque m\u00e1s estructurado, nuestro equipo de mentores estar\u00e1 a tu disposici\u00f3n para ayudarte.\n\nEn <strong>OpenTechologies<\/strong>, estamos comprometidos con ayudar a nuestros clientes a desarrollar sus habilidades en tecnolog\u00edas libres y abiertas. Cont\u00e1ctanos hoy mismo para obtener m\u00e1s informaci\u00f3n sobre nuestros servicios de mentoring y c\u00f3mo podemos ayudarte a alcanzar tus objetivos tecnol\u00f3gicos.\n\n<\/div>\n<\/div>\n<\/div>\n<div class=\"flex justify-between\">\n<div class=\"text-gray-400 flex self-end lg:self-center justify-center mt-2 gap-3 md:gap-4 lg:gap-1 lg:absolute lg:top-0 lg:translate-x-full lg:right-0 lg:mt-0 lg:pl-2 visible\"><\/div>\n<\/div>\t\t\t\t\t\t<\/div>\n\t\t\t\t<\/div>\n\t\t\t\t\t<\/div>\n\t\t<\/div>\n\t\t\t\t\t\t\t<\/div>\n\t\t<\/section>\n\t\t\t\t\t\t\t<\/div>\n\t\t","protected":false},"excerpt":{"rendered":"<p>Alcanza tus metas profesionales con nuestro programa de Mentor\/ Tutor . Juntos lo haremos m\u00e1s r\u00e1pido.<\/p>\n","protected":false},"author":1,"featured_media":0,"parent":0,"menu_order":0,"comment_status":"closed","ping_status":"closed","template":"","meta":{"_joinchat":[],"footnotes":""},"class_list":["post-1421","page","type-page","status-publish","hentry"],"yoast_head":"<!-- This site is optimized with the Yoast SEO plugin v20.1 - https:\/\/yoast.com\/wordpress\/plugins\/seo\/ -->\n<title>Mentoring \/ Tutoria - Slackware de Venezuela<\/title>\n<meta name=\"description\" content=\"Mentoring \/ Tutoria Slackware de Venezuela -\" \/>\n<meta name=\"robots\" content=\"index, follow, max-snippet:-1, max-image-preview:large, max-video-preview:-1\" \/>\n<link rel=\"canonical\" href=\"https:\/\/slackware.org.ve\/?page_id=1421\" \/>\n<meta property=\"og:locale\" content=\"es_ES\" \/>\n<meta property=\"og:type\" content=\"article\" \/>\n<meta property=\"og:title\" content=\"Mentoring \/ Tutoria - Slackware de Venezuela\" \/>\n<meta property=\"og:description\" content=\"Mentoring \/ Tutoria Slackware de Venezuela -\" \/>\n<meta property=\"og:url\" content=\"https:\/\/slackware.org.ve\/?page_id=1421\" \/>\n<meta property=\"og:site_name\" content=\"Slackware de Venezuela\" \/>\n<meta property=\"article:modified_time\" content=\"2023-02-23T21:23:51+00:00\" \/>\n<meta property=\"og:image\" content=\"http:\/\/slackware.org.ve\/wp-content\/uploads\/2023\/02\/Guide-to-Creating-a-Mentoring-Program_thumbnail-768x432.jpg\" \/>\n<meta name=\"twitter:card\" content=\"summary_large_image\" \/>\n<meta name=\"twitter:label1\" content=\"Tiempo de lectura\" \/>\n\t<meta name=\"twitter:data1\" content=\"2 minutos\" \/>\n<script type=\"application\/ld+json\" class=\"yoast-schema-graph\">{\"@context\":\"https:\/\/schema.org\",\"@graph\":[{\"@type\":\"WebPage\",\"@id\":\"https:\/\/slackware.org.ve\/?page_id=1421\",\"url\":\"https:\/\/slackware.org.ve\/?page_id=1421\",\"name\":\"Mentoring \/ Tutoria - Slackware de Venezuela\",\"isPartOf\":{\"@id\":\"https:\/\/slackware.org.ve\/#website\"},\"datePublished\":\"2016-02-12T08:13:06+00:00\",\"dateModified\":\"2023-02-23T21:23:51+00:00\",\"description\":\"Mentoring \/ Tutoria Slackware de Venezuela -\",\"breadcrumb\":{\"@id\":\"https:\/\/slackware.org.ve\/?page_id=1421#breadcrumb\"},\"inLanguage\":\"es\",\"potentialAction\":[{\"@type\":\"ReadAction\",\"target\":[\"https:\/\/slackware.org.ve\/?page_id=1421\"]}]},{\"@type\":\"BreadcrumbList\",\"@id\":\"https:\/\/slackware.org.ve\/?page_id=1421#breadcrumb\",\"itemListElement\":[{\"@type\":\"ListItem\",\"position\":1,\"name\":\"Portada\",\"item\":\"https:\/\/slackware.org.ve\/\"},{\"@type\":\"ListItem\",\"position\":2,\"name\":\"Mentoring \/ Tutoria\"}]},{\"@type\":\"WebSite\",\"@id\":\"https:\/\/slackware.org.ve\/#website\",\"url\":\"https:\/\/slackware.org.ve\/\",\"name\":\"Slackware de Venezuela\",\"description\":\"\",\"publisher\":{\"@id\":\"https:\/\/slackware.org.ve\/#organization\"},\"alternateName\":\"OpenTechnologies\",\"potentialAction\":[{\"@type\":\"SearchAction\",\"target\":{\"@type\":\"EntryPoint\",\"urlTemplate\":\"https:\/\/slackware.org.ve\/?s={search_term_string}\"},\"query-input\":\"required name=search_term_string\"}],\"inLanguage\":\"es\"},{\"@type\":\"Organization\",\"@id\":\"https:\/\/slackware.org.ve\/#organization\",\"name\":\"Slackware de Venezuela\",\"url\":\"https:\/\/slackware.org.ve\/\",\"logo\":{\"@type\":\"ImageObject\",\"inLanguage\":\"es\",\"@id\":\"https:\/\/slackware.org.ve\/#\/schema\/logo\/image\/\",\"url\":\"https:\/\/slackware.org.ve\/wp-content\/uploads\/2023\/02\/cropped-S.png\",\"contentUrl\":\"https:\/\/slackware.org.ve\/wp-content\/uploads\/2023\/02\/cropped-S.png\",\"width\":512,\"height\":512,\"caption\":\"Slackware de Venezuela\"},\"image\":{\"@id\":\"https:\/\/slackware.org.ve\/#\/schema\/logo\/image\/\"}}]}<\/script>\n<!-- \/ Yoast SEO plugin. -->","yoast_head_json":{"title":"Mentoring \/ Tutoria - Slackware de Venezuela","description":"Mentoring \/ Tutoria Slackware de Venezuela -","robots":{"index":"index","follow":"follow","max-snippet":"max-snippet:-1","max-image-preview":"max-image-preview:large","max-video-preview":"max-video-preview:-1"},"canonical":"https:\/\/slackware.org.ve\/?page_id=1421","og_locale":"es_ES","og_type":"article","og_title":"Mentoring \/ Tutoria - Slackware de Venezuela","og_description":"Mentoring \/ Tutoria Slackware de Venezuela -","og_url":"https:\/\/slackware.org.ve\/?page_id=1421","og_site_name":"Slackware de Venezuela","article_modified_time":"2023-02-23T21:23:51+00:00","og_image":[{"url":"http:\/\/slackware.org.ve\/wp-content\/uploads\/2023\/02\/Guide-to-Creating-a-Mentoring-Program_thumbnail-768x432.jpg"}],"twitter_card":"summary_large_image","twitter_misc":{"Tiempo de lectura":"2 minutos"},"schema":{"@context":"https:\/\/schema.org","@graph":[{"@type":"WebPage","@id":"https:\/\/slackware.org.ve\/?page_id=1421","url":"https:\/\/slackware.org.ve\/?page_id=1421","name":"Mentoring \/ Tutoria - Slackware de Venezuela","isPartOf":{"@id":"https:\/\/slackware.org.ve\/#website"},"datePublished":"2016-02-12T08:13:06+00:00","dateModified":"2023-02-23T21:23:51+00:00","description":"Mentoring \/ Tutoria Slackware de Venezuela -","breadcrumb":{"@id":"https:\/\/slackware.org.ve\/?page_id=1421#breadcrumb"},"inLanguage":"es","potentialAction":[{"@type":"ReadAction","target":["https:\/\/slackware.org.ve\/?page_id=1421"]}]},{"@type":"BreadcrumbList","@id":"https:\/\/slackware.org.ve\/?page_id=1421#breadcrumb","itemListElement":[{"@type":"ListItem","position":1,"name":"Portada","item":"https:\/\/slackware.org.ve\/"},{"@type":"ListItem","position":2,"name":"Mentoring \/ Tutoria"}]},{"@type":"WebSite","@id":"https:\/\/slackware.org.ve\/#website","url":"https:\/\/slackware.org.ve\/","name":"Slackware de Venezuela","description":"","publisher":{"@id":"https:\/\/slackware.org.ve\/#organization"},"alternateName":"OpenTechnologies","potentialAction":[{"@type":"SearchAction","target":{"@type":"EntryPoint","urlTemplate":"https:\/\/slackware.org.ve\/?s={search_term_string}"},"query-input":"required name=search_term_string"}],"inLanguage":"es"},{"@type":"Organization","@id":"https:\/\/slackware.org.ve\/#organization","name":"Slackware de Venezuela","url":"https:\/\/slackware.org.ve\/","logo":{"@type":"ImageObject","inLanguage":"es","@id":"https:\/\/slackware.org.ve\/#\/schema\/logo\/image\/","url":"https:\/\/slackware.org.ve\/wp-content\/uploads\/2023\/02\/cropped-S.png","contentUrl":"https:\/\/slackware.org.ve\/wp-content\/uploads\/2023\/02\/cropped-S.png","width":512,"height":512,"caption":"Slackware de Venezuela"},"image":{"@id":"https:\/\/slackware.org.ve\/#\/schema\/logo\/image\/"}}]}},"_links":{"self":[{"href":"https:\/\/slackware.org.ve\/index.php?rest_route=\/wp\/v2\/pages\/1421","targetHints":{"allow":["GET"]}}],"collection":[{"href":"https:\/\/slackware.org.ve\/index.php?rest_route=\/wp\/v2\/pages"}],"about":[{"href":"https:\/\/slackware.org.ve\/index.php?rest_route=\/wp\/v2\/types\/page"}],"author":[{"embeddable":true,"href":"https:\/\/slackware.org.ve\/index.php?rest_route=\/wp\/v2\/users\/1"}],"replies":[{"embeddable":true,"href":"https:\/\/slackware.org.ve\/index.php?rest_route=%2Fwp%2Fv2%2Fcomments&post=1421"}],"version-history":[{"count":11,"href":"https:\/\/slackware.org.ve\/index.php?rest_route=\/wp\/v2\/pages\/1421\/revisions"}],"predecessor-version":[{"id":1563,"href":"https:\/\/slackware.org.ve\/index.php?rest_route=\/wp\/v2\/pages\/1421\/revisions\/1563"}],"wp:attachment":[{"href":"https:\/\/slackware.org.ve\/index.php?rest_route=%2Fwp%2Fv2%2Fmedia&parent=1421"}],"curies":[{"name":"wp","href":"https:\/\/api.w.org\/{rel}","templated":true}]}}