{"id":1453,"date":"2023-02-23T13:28:03","date_gmt":"2023-02-23T13:28:03","guid":{"rendered":"https:\/\/slackware.org.ve\/?page_id=1453"},"modified":"2023-02-23T21:02:28","modified_gmt":"2023-02-23T21:02:28","slug":"elementor-1453","status":"publish","type":"page","link":"https:\/\/slackware.org.ve\/?page_id=1453","title":{"rendered":"Open Academy"},"content":{"rendered":"\t\t<div data-elementor-type=\"wp-page\" data-elementor-id=\"1453\" class=\"elementor elementor-1453\">\n\t\t\t\t\t\t\t\t\t<section class=\"elementor-section elementor-top-section elementor-element elementor-element-fb1ab55 elementor-section-boxed elementor-section-height-default elementor-section-height-default\" data-id=\"fb1ab55\" data-element_type=\"section\">\n\t\t\t\t\t\t<div class=\"elementor-container elementor-column-gap-default\">\n\t\t\t\t\t<div class=\"elementor-column elementor-col-100 elementor-top-column elementor-element elementor-element-e453b63\" data-id=\"e453b63\" data-element_type=\"column\">\n\t\t\t<div class=\"elementor-widget-wrap elementor-element-populated\">\n\t\t\t\t\t\t\t\t<div class=\"elementor-element elementor-element-ccb9765 elementor-widget elementor-widget-heading\" data-id=\"ccb9765\" data-element_type=\"widget\" data-widget_type=\"heading.default\">\n\t\t\t\t<div class=\"elementor-widget-container\">\n\t\t\t<style>\/*! elementor - v3.11.2 - 22-02-2023 *\/\n.elementor-heading-title{padding:0;margin:0;line-height:1}.elementor-widget-heading .elementor-heading-title[class*=elementor-size-]>a{color:inherit;font-size:inherit;line-height:inherit}.elementor-widget-heading .elementor-heading-title.elementor-size-small{font-size:15px}.elementor-widget-heading .elementor-heading-title.elementor-size-medium{font-size:19px}.elementor-widget-heading .elementor-heading-title.elementor-size-large{font-size:29px}.elementor-widget-heading .elementor-heading-title.elementor-size-xl{font-size:39px}.elementor-widget-heading .elementor-heading-title.elementor-size-xxl{font-size:59px}<\/style><h2 class=\"elementor-heading-title elementor-size-default\">OPEN ACADEMY: Educaci\u00f3n a distancia<\/h2>\t\t<\/div>\n\t\t\t\t<\/div>\n\t\t\t\t\t<\/div>\n\t\t<\/div>\n\t\t\t\t\t\t\t<\/div>\n\t\t<\/section>\n\t\t\t\t<section class=\"elementor-section elementor-top-section elementor-element elementor-element-86c307d elementor-section-boxed elementor-section-height-default elementor-section-height-default\" data-id=\"86c307d\" data-element_type=\"section\">\n\t\t\t\t\t\t<div class=\"elementor-container elementor-column-gap-default\">\n\t\t\t\t\t<div class=\"elementor-column elementor-col-100 elementor-top-column elementor-element elementor-element-086124f\" data-id=\"086124f\" data-element_type=\"column\">\n\t\t\t<div class=\"elementor-widget-wrap elementor-element-populated\">\n\t\t\t\t\t\t\t\t<div class=\"elementor-element elementor-element-511f25e elementor-invisible elementor-widget elementor-widget-image\" data-id=\"511f25e\" data-element_type=\"widget\" data-settings=\"{&quot;_animation&quot;:&quot;bounce&quot;}\" data-widget_type=\"image.default\">\n\t\t\t\t<div class=\"elementor-widget-container\">\n\t\t\t<style>\/*! elementor - v3.11.2 - 22-02-2023 *\/\n.elementor-widget-image{text-align:center}.elementor-widget-image a{display:inline-block}.elementor-widget-image a img[src$=\".svg\"]{width:48px}.elementor-widget-image img{vertical-align:middle;display:inline-block}<\/style>\t\t\t\t\t\t\t\t\t\t\t\t<img loading=\"lazy\" decoding=\"async\" width=\"800\" height=\"304\" src=\"https:\/\/slackware.org.ve\/wp-content\/uploads\/2023\/02\/Technology-Transparent-Background-PNG-1024x389.png\" class=\"attachment-large size-large wp-image-1545\" alt=\"\" srcset=\"https:\/\/slackware.org.ve\/wp-content\/uploads\/2023\/02\/Technology-Transparent-Background-PNG-1024x389.png 1024w, https:\/\/slackware.org.ve\/wp-content\/uploads\/2023\/02\/Technology-Transparent-Background-PNG-300x114.png 300w, https:\/\/slackware.org.ve\/wp-content\/uploads\/2023\/02\/Technology-Transparent-Background-PNG-768x292.png 768w, https:\/\/slackware.org.ve\/wp-content\/uploads\/2023\/02\/Technology-Transparent-Background-PNG-1536x584.png 1536w, https:\/\/slackware.org.ve\/wp-content\/uploads\/2023\/02\/Technology-Transparent-Background-PNG-2048x779.png 2048w\" sizes=\"auto, (max-width: 800px) 100vw, 800px\" \/>\t\t\t\t\t\t\t\t\t\t\t\t\t\t\t<\/div>\n\t\t\t\t<\/div>\n\t\t\t\t\t<\/div>\n\t\t<\/div>\n\t\t\t\t\t\t\t<\/div>\n\t\t<\/section>\n\t\t\t\t<section class=\"elementor-section elementor-top-section elementor-element elementor-element-0defaf5 elementor-section-boxed elementor-section-height-default elementor-section-height-default\" data-id=\"0defaf5\" data-element_type=\"section\">\n\t\t\t\t\t\t<div class=\"elementor-container elementor-column-gap-default\">\n\t\t\t\t\t<div class=\"elementor-column elementor-col-100 elementor-top-column elementor-element elementor-element-cbfd412\" data-id=\"cbfd412\" data-element_type=\"column\">\n\t\t\t<div class=\"elementor-widget-wrap elementor-element-populated\">\n\t\t\t\t\t\t\t\t<div class=\"elementor-element elementor-element-9f87dd0 elementor-widget elementor-widget-text-editor\" data-id=\"9f87dd0\" data-element_type=\"widget\" data-widget_type=\"text-editor.default\">\n\t\t\t\t<div class=\"elementor-widget-container\">\n\t\t\t<style>\/*! elementor - v3.11.2 - 22-02-2023 *\/\n.elementor-widget-text-editor.elementor-drop-cap-view-stacked .elementor-drop-cap{background-color:#818a91;color:#fff}.elementor-widget-text-editor.elementor-drop-cap-view-framed .elementor-drop-cap{color:#818a91;border:3px solid;background-color:transparent}.elementor-widget-text-editor:not(.elementor-drop-cap-view-default) .elementor-drop-cap{margin-top:8px}.elementor-widget-text-editor:not(.elementor-drop-cap-view-default) .elementor-drop-cap-letter{width:1em;height:1em}.elementor-widget-text-editor .elementor-drop-cap{float:left;text-align:center;line-height:1;font-size:50px}.elementor-widget-text-editor .elementor-drop-cap-letter{display:inline-block}<\/style>\t\t\t\t<p>Ofrecemos una amplia variedad de estudios a distancia dise\u00f1ados para satisfacer las necesidades de los estudiantes que buscan desarrollar habilidades t\u00e9cnicas en diversas \u00e1reas. Si est\u00e1s interesado en aprender sobre Linux, te ofrecemos cursos desde nivel b\u00e1sico hasta experto, donde podr\u00e1s adquirir conocimientos sobre redes en Linux, programaci\u00f3n PHP y mucho m\u00e1s.<\/p><p>Adem\u00e1s, ofrecemos programas de <span style=\"text-decoration: underline;\"><strong>MENTORING<\/strong><\/span> en tecnolog\u00eda, donde puedes recibir asesoramiento personalizado y orientaci\u00f3n sobre c\u00f3mo desarrollar tus habilidades en diferentes \u00e1reas. Si eres un amante del cacao, tambi\u00e9n ofrecemos cursos sobre la creaci\u00f3n de cacao, que te ense\u00f1ar\u00e1n todo lo que necesitas saber sobre este delicioso producto.<\/p><p>Nuestros estudios a distancia te permiten aprender a tu propio ritmo, sin importar tu ubicaci\u00f3n o disponibilidad. Todos nuestros cursos est\u00e1n dise\u00f1ados para proporcionar una experiencia de aprendizaje enriquecedora y efectiva, con un enfoque pr\u00e1ctico que te permitir\u00e1 aplicar tus conocimientos en situaciones del mundo real.<\/p>\t\t\t\t\t\t<\/div>\n\t\t\t\t<\/div>\n\t\t\t\t\t<\/div>\n\t\t<\/div>\n\t\t\t\t\t\t\t<\/div>\n\t\t<\/section>\n\t\t\t\t\t\t\t<\/div>\n\t\t","protected":false},"excerpt":{"rendered":"<p>Aqu\u00ed podr\u00e1s encontrar un espacio donde recibir e impartir clases a nivel mundial.<\/p>\n","protected":false},"author":1,"featured_media":0,"parent":0,"menu_order":0,"comment_status":"closed","ping_status":"closed","template":"elementor_theme","meta":{"_joinchat":[],"footnotes":""},"class_list":["post-1453","page","type-page","status-publish","hentry"],"yoast_head":"<!-- This site is optimized with the Yoast SEO plugin v20.1 - https:\/\/yoast.com\/wordpress\/plugins\/seo\/ -->\n<title>Open Academy - Slackware de Venezuela<\/title>\n<meta name=\"description\" content=\"Open Academy Slackware de Venezuela -\" \/>\n<meta name=\"robots\" content=\"index, follow, max-snippet:-1, max-image-preview:large, max-video-preview:-1\" \/>\n<link rel=\"canonical\" href=\"https:\/\/slackware.org.ve\/?page_id=1453\" \/>\n<meta property=\"og:locale\" content=\"es_ES\" \/>\n<meta property=\"og:type\" content=\"article\" \/>\n<meta property=\"og:title\" content=\"Open Academy - Slackware de Venezuela\" \/>\n<meta property=\"og:description\" content=\"Open Academy Slackware de Venezuela -\" \/>\n<meta property=\"og:url\" content=\"https:\/\/slackware.org.ve\/?page_id=1453\" \/>\n<meta property=\"og:site_name\" content=\"Slackware de Venezuela\" \/>\n<meta property=\"article:modified_time\" content=\"2023-02-23T21:02:28+00:00\" \/>\n<meta property=\"og:image\" content=\"http:\/\/slackware.org.ve\/wp-content\/uploads\/2023\/02\/Technology-Transparent-Background-PNG-1024x389.png\" \/>\n<meta name=\"twitter:card\" content=\"summary_large_image\" \/>\n<meta name=\"twitter:label1\" content=\"Tiempo de lectura\" \/>\n\t<meta name=\"twitter:data1\" content=\"1 minuto\" \/>\n<script type=\"application\/ld+json\" class=\"yoast-schema-graph\">{\"@context\":\"https:\/\/schema.org\",\"@graph\":[{\"@type\":\"WebPage\",\"@id\":\"https:\/\/slackware.org.ve\/?page_id=1453\",\"url\":\"https:\/\/slackware.org.ve\/?page_id=1453\",\"name\":\"Open Academy - Slackware de Venezuela\",\"isPartOf\":{\"@id\":\"https:\/\/slackware.org.ve\/#website\"},\"datePublished\":\"2023-02-23T13:28:03+00:00\",\"dateModified\":\"2023-02-23T21:02:28+00:00\",\"description\":\"Open Academy Slackware de Venezuela -\",\"breadcrumb\":{\"@id\":\"https:\/\/slackware.org.ve\/?page_id=1453#breadcrumb\"},\"inLanguage\":\"es\",\"potentialAction\":[{\"@type\":\"ReadAction\",\"target\":[\"https:\/\/slackware.org.ve\/?page_id=1453\"]}]},{\"@type\":\"BreadcrumbList\",\"@id\":\"https:\/\/slackware.org.ve\/?page_id=1453#breadcrumb\",\"itemListElement\":[{\"@type\":\"ListItem\",\"position\":1,\"name\":\"Portada\",\"item\":\"https:\/\/slackware.org.ve\/\"},{\"@type\":\"ListItem\",\"position\":2,\"name\":\"Open Academy\"}]},{\"@type\":\"WebSite\",\"@id\":\"https:\/\/slackware.org.ve\/#website\",\"url\":\"https:\/\/slackware.org.ve\/\",\"name\":\"Slackware de Venezuela\",\"description\":\"\",\"publisher\":{\"@id\":\"https:\/\/slackware.org.ve\/#organization\"},\"alternateName\":\"OpenTechnologies\",\"potentialAction\":[{\"@type\":\"SearchAction\",\"target\":{\"@type\":\"EntryPoint\",\"urlTemplate\":\"https:\/\/slackware.org.ve\/?s={search_term_string}\"},\"query-input\":\"required name=search_term_string\"}],\"inLanguage\":\"es\"},{\"@type\":\"Organization\",\"@id\":\"https:\/\/slackware.org.ve\/#organization\",\"name\":\"Slackware de Venezuela\",\"url\":\"https:\/\/slackware.org.ve\/\",\"logo\":{\"@type\":\"ImageObject\",\"inLanguage\":\"es\",\"@id\":\"https:\/\/slackware.org.ve\/#\/schema\/logo\/image\/\",\"url\":\"https:\/\/slackware.org.ve\/wp-content\/uploads\/2023\/02\/cropped-S.png\",\"contentUrl\":\"https:\/\/slackware.org.ve\/wp-content\/uploads\/2023\/02\/cropped-S.png\",\"width\":512,\"height\":512,\"caption\":\"Slackware de Venezuela\"},\"image\":{\"@id\":\"https:\/\/slackware.org.ve\/#\/schema\/logo\/image\/\"}}]}<\/script>\n<!-- \/ Yoast SEO plugin. -->","yoast_head_json":{"title":"Open Academy - Slackware de Venezuela","description":"Open Academy Slackware de Venezuela -","robots":{"index":"index","follow":"follow","max-snippet":"max-snippet:-1","max-image-preview":"max-image-preview:large","max-video-preview":"max-video-preview:-1"},"canonical":"https:\/\/slackware.org.ve\/?page_id=1453","og_locale":"es_ES","og_type":"article","og_title":"Open Academy - Slackware de Venezuela","og_description":"Open Academy Slackware de Venezuela -","og_url":"https:\/\/slackware.org.ve\/?page_id=1453","og_site_name":"Slackware de Venezuela","article_modified_time":"2023-02-23T21:02:28+00:00","og_image":[{"url":"http:\/\/slackware.org.ve\/wp-content\/uploads\/2023\/02\/Technology-Transparent-Background-PNG-1024x389.png"}],"twitter_card":"summary_large_image","twitter_misc":{"Tiempo de lectura":"1 minuto"},"schema":{"@context":"https:\/\/schema.org","@graph":[{"@type":"WebPage","@id":"https:\/\/slackware.org.ve\/?page_id=1453","url":"https:\/\/slackware.org.ve\/?page_id=1453","name":"Open Academy - Slackware de Venezuela","isPartOf":{"@id":"https:\/\/slackware.org.ve\/#website"},"datePublished":"2023-02-23T13:28:03+00:00","dateModified":"2023-02-23T21:02:28+00:00","description":"Open Academy Slackware de Venezuela -","breadcrumb":{"@id":"https:\/\/slackware.org.ve\/?page_id=1453#breadcrumb"},"inLanguage":"es","potentialAction":[{"@type":"ReadAction","target":["https:\/\/slackware.org.ve\/?page_id=1453"]}]},{"@type":"BreadcrumbList","@id":"https:\/\/slackware.org.ve\/?page_id=1453#breadcrumb","itemListElement":[{"@type":"ListItem","position":1,"name":"Portada","item":"https:\/\/slackware.org.ve\/"},{"@type":"ListItem","position":2,"name":"Open Academy"}]},{"@type":"WebSite","@id":"https:\/\/slackware.org.ve\/#website","url":"https:\/\/slackware.org.ve\/","name":"Slackware de Venezuela","description":"","publisher":{"@id":"https:\/\/slackware.org.ve\/#organization"},"alternateName":"OpenTechnologies","potentialAction":[{"@type":"SearchAction","target":{"@type":"EntryPoint","urlTemplate":"https:\/\/slackware.org.ve\/?s={search_term_string}"},"query-input":"required name=search_term_string"}],"inLanguage":"es"},{"@type":"Organization","@id":"https:\/\/slackware.org.ve\/#organization","name":"Slackware de Venezuela","url":"https:\/\/slackware.org.ve\/","logo":{"@type":"ImageObject","inLanguage":"es","@id":"https:\/\/slackware.org.ve\/#\/schema\/logo\/image\/","url":"https:\/\/slackware.org.ve\/wp-content\/uploads\/2023\/02\/cropped-S.png","contentUrl":"https:\/\/slackware.org.ve\/wp-content\/uploads\/2023\/02\/cropped-S.png","width":512,"height":512,"caption":"Slackware de Venezuela"},"image":{"@id":"https:\/\/slackware.org.ve\/#\/schema\/logo\/image\/"}}]}},"_links":{"self":[{"href":"https:\/\/slackware.org.ve\/index.php?rest_route=\/wp\/v2\/pages\/1453","targetHints":{"allow":["GET"]}}],"collection":[{"href":"https:\/\/slackware.org.ve\/index.php?rest_route=\/wp\/v2\/pages"}],"about":[{"href":"https:\/\/slackware.org.ve\/index.php?rest_route=\/wp\/v2\/types\/page"}],"author":[{"embeddable":true,"href":"https:\/\/slackware.org.ve\/index.php?rest_route=\/wp\/v2\/users\/1"}],"replies":[{"embeddable":true,"href":"https:\/\/slackware.org.ve\/index.php?rest_route=%2Fwp%2Fv2%2Fcomments&post=1453"}],"version-history":[{"count":19,"href":"https:\/\/slackware.org.ve\/index.php?rest_route=\/wp\/v2\/pages\/1453\/revisions"}],"predecessor-version":[{"id":1551,"href":"https:\/\/slackware.org.ve\/index.php?rest_route=\/wp\/v2\/pages\/1453\/revisions\/1551"}],"wp:attachment":[{"href":"https:\/\/slackware.org.ve\/index.php?rest_route=%2Fwp%2Fv2%2Fmedia&parent=1453"}],"curies":[{"name":"wp","href":"https:\/\/api.w.org\/{rel}","templated":true}]}}