{"id":1581,"date":"2023-02-25T16:42:05","date_gmt":"2023-02-25T16:42:05","guid":{"rendered":"https:\/\/slackware.org.ve\/?page_id=1581"},"modified":"2023-02-25T16:56:27","modified_gmt":"2023-02-25T16:56:27","slug":"servicios","status":"publish","type":"page","link":"https:\/\/slackware.org.ve\/?page_id=1581","title":{"rendered":"Servicios"},"content":{"rendered":"\t\t<div data-elementor-type=\"wp-page\" data-elementor-id=\"1581\" class=\"elementor elementor-1581\">\n\t\t\t\t\t\t\t\t\t<section class=\"elementor-section elementor-top-section elementor-element elementor-element-d0ca39f elementor-section-boxed elementor-section-height-default elementor-section-height-default\" data-id=\"d0ca39f\" data-element_type=\"section\">\n\t\t\t\t\t\t<div class=\"elementor-container elementor-column-gap-default\">\n\t\t\t\t\t<div class=\"elementor-column elementor-col-100 elementor-top-column elementor-element elementor-element-f08fe4a\" data-id=\"f08fe4a\" data-element_type=\"column\">\n\t\t\t<div class=\"elementor-widget-wrap elementor-element-populated\">\n\t\t\t\t\t\t\t\t<div class=\"elementor-element elementor-element-679f077 elementor-widget elementor-widget-image\" data-id=\"679f077\" data-element_type=\"widget\" data-widget_type=\"image.default\">\n\t\t\t\t<div class=\"elementor-widget-container\">\n\t\t\t<style>\/*! elementor - v3.11.2 - 22-02-2023 *\/\n.elementor-widget-image{text-align:center}.elementor-widget-image a{display:inline-block}.elementor-widget-image a img[src$=\".svg\"]{width:48px}.elementor-widget-image img{vertical-align:middle;display:inline-block}<\/style>\t\t\t\t\t\t\t\t\t\t\t\t<img loading=\"lazy\" decoding=\"async\" width=\"480\" height=\"300\" src=\"https:\/\/slackware.org.ve\/wp-content\/uploads\/2023\/02\/klipartz.com_-480x300.png\" class=\"attachment-onepress-small size-onepress-small wp-image-1593\" alt=\"\" srcset=\"https:\/\/slackware.org.ve\/wp-content\/uploads\/2023\/02\/klipartz.com_-480x300.png 480w, https:\/\/slackware.org.ve\/wp-content\/uploads\/2023\/02\/klipartz.com_-640x400.png 640w\" sizes=\"auto, (max-width: 480px) 100vw, 480px\" \/>\t\t\t\t\t\t\t\t\t\t\t\t\t\t\t<\/div>\n\t\t\t\t<\/div>\n\t\t\t\t\t<\/div>\n\t\t<\/div>\n\t\t\t\t\t\t\t<\/div>\n\t\t<\/section>\n\t\t\t\t<section class=\"elementor-section elementor-top-section elementor-element elementor-element-be1d855 elementor-section-boxed elementor-section-height-default elementor-section-height-default\" data-id=\"be1d855\" data-element_type=\"section\">\n\t\t\t\t\t\t<div class=\"elementor-container elementor-column-gap-default\">\n\t\t\t\t\t<div class=\"elementor-column elementor-col-100 elementor-top-column elementor-element elementor-element-cf83c1c\" data-id=\"cf83c1c\" data-element_type=\"column\">\n\t\t\t<div class=\"elementor-widget-wrap elementor-element-populated\">\n\t\t\t\t\t\t\t\t<div class=\"elementor-element elementor-element-1968389 elementor-widget elementor-widget-text-editor\" data-id=\"1968389\" data-element_type=\"widget\" data-widget_type=\"text-editor.default\">\n\t\t\t\t<div class=\"elementor-widget-container\">\n\t\t\t<style>\/*! elementor - v3.11.2 - 22-02-2023 *\/\n.elementor-widget-text-editor.elementor-drop-cap-view-stacked .elementor-drop-cap{background-color:#818a91;color:#fff}.elementor-widget-text-editor.elementor-drop-cap-view-framed .elementor-drop-cap{color:#818a91;border:3px solid;background-color:transparent}.elementor-widget-text-editor:not(.elementor-drop-cap-view-default) .elementor-drop-cap{margin-top:8px}.elementor-widget-text-editor:not(.elementor-drop-cap-view-default) .elementor-drop-cap-letter{width:1em;height:1em}.elementor-widget-text-editor .elementor-drop-cap{float:left;text-align:center;line-height:1;font-size:50px}.elementor-widget-text-editor .elementor-drop-cap-letter{display:inline-block}<\/style>\t\t\t\t<ul><li aria-level=\"2\">Venta de Consumibles art\u00edculos de Computaci\u00f3n; entre otros puntos que nuestros Ejecutivos de venta le explicaran minuciosamente.<\/li><li aria-level=\"2\">Ventas de equipos de computaci\u00f3n y sus diversos componentes<\/li><li aria-level=\"2\">Venta de accesorios de computaci\u00f3n en todas sus l\u00edneas<\/li><li aria-level=\"2\">Servicio de ventas al mayor detal y corporativo.<\/li><\/ul><ul><li aria-level=\"1\">Soporte tecnico en Pc y Laptop<ul><li aria-level=\"2\">mantenimiento y reparaci\u00f3n de Hardware y Software<\/li><li aria-level=\"2\">Instalaci\u00f3n y reinstalaci\u00f3n de Sistema Operativo (Formateo)<\/li><li aria-level=\"2\">Limpieza de Virus y Software malicioso<\/li><li aria-level=\"2\">Re-potenciaci\u00f3n de Equipos viejos<\/li><li aria-level=\"2\">Soporte remoto o en linea\u00a0<\/li><\/ul><\/li><li aria-level=\"1\">Instalacion y configuracion de redes Basicas y Avanzadas<ul><li aria-level=\"2\">Instalacion y configuracion de redes Corporativas, Hogare\u00f1as, de manera Inal\u00e1mbrica (Wifi o Cableada), con equipos de \u00faltima generaci\u00f3n. Instalaci\u00f3n de Firewall para protecci\u00f3n de los datos.\u00a0<\/li><\/ul><\/li><li aria-level=\"1\">Reparacion y mantenimientos de impresoras<ul><li aria-level=\"2\">Capacidad de resolver los problemas f\u00edsicos o de software que los equipos de impresi\u00f3n.<\/li><\/ul><\/li><li aria-level=\"1\">Instalacion y configuracion de SERVIDORES<ul><li aria-level=\"2\">OpenTechologies ofrece servicios completos para la <a href=\"http:\/\/www.aspl.es\/portal\/servicios\/instalacion-de-servidores-linux\">instalaci\u00f3n, configuraci\u00f3n<\/a> y<a href=\"http:\/\/www.aspl.es\/portal\/servicios\/mantenimiento-de-servidores-linux\"> mantenimiento de servidores LINUX.<\/a><\/li><li aria-level=\"2\">La instalaci\u00f3n y despliegue de servidores LINUX es un \u00e1rea sumamente especializada que requiere un nivel de conocimientos y experiencia muy elevados.<\/li><li aria-level=\"2\">OpenTechologies, ofrece servicios completos que incluyen la planificaci\u00f3n, dise\u00f1o e implantaci\u00f3n de redes de \u00e1rea local (<b>LAN<\/b>), la interconexi\u00f3n de oficinas (<b>WAN<\/b>), todo ello haciendo uso de tecnolog\u00edas basadas en LINUX.<\/li><li aria-level=\"2\">La elevada flexibilidad de nuestros servicios le permiten seleccionar aquellas capacidades que mejor se adapten a sus necesidades y que supongan el mejor complemento para sus propios recursos.<\/li><li aria-level=\"2\">La instalaci\u00f3n de servidores LINUX ofrece una atractiva alternativa para el despliegue de sistemas inform\u00e1ticos dada la inexistencia de costes de licencia junto con su alto rendimiento y fiabilidad.<\/li><li aria-level=\"2\">Al ser <b>GNU\/Linux<\/b> libre, el coste por la licencia es nulo. Nuestro objetivo, por tanto, no es la venta de software, sino propocionar servicios. El coste invertido va dirigido a lo que usted desea: la instalaci\u00f3n, configuraci\u00f3n y mantenimiento de los servicios contratados; reduciendo notablemente el coste final.<\/li><\/ul><\/li><li aria-level=\"1\">Cursos , adiestramiento de Linux basico y avanzado.<\/li><li aria-level=\"1\">Asesoria Tecnologi Integral, (Pc, Redes, Seguridad, Auditoria de Sistemas)<ul><li aria-level=\"2\">Brindamos apoyo y asesor\u00eda en la tomas de decisiones que los clientes necesiten en el area de Tecnologia que su hogar, negocio o empresa necesite.<\/li><\/ul><\/li><li aria-level=\"1\">Instalacion y configuracion de Sistemas de seguridad.\u00a0\u00a0\u00a0\u00a0\u00a0\u00a0\u00a0\u00a0\u00a0\u00a0\u00a0\u00a0\u00a0\u00a0\u00a0\u00a0\u00a0\u00a0\u00a0<\/li><li aria-level=\"1\">Actualizaci\u00f3n de Software para Moviles, Tabletas.<ul><li aria-level=\"2\">Actualizaci\u00f3n de software para sistemas Android y Blackberry<\/li><li aria-level=\"2\">Respaldo de datos\u00a0<\/li><li aria-level=\"2\">Rooteo de software para android\u00a0<\/li><li aria-level=\"2\">Instalacion de ROM (Cynogenmod, MIUI) android<\/li><\/ul><\/li><\/ul><h1>\u00a0 Paginas Web<\/h1><ul><li aria-level=\"1\"><ul><li aria-level=\"2\">Ofrecemos soluciones integrales y garant\u00eda sobre nuestros servicios de Dise\u00f1o de P\u00e1ginas Web, Actualizaci\u00f3n Web y desarrollo de Sistemas de Manejo de Contenidos (CMS) en ambiente web.<\/li><\/ul><\/li><li aria-level=\"1\">Marketing de medios sociales.<\/li><\/ul><p>open<\/p>\t\t\t\t\t\t<\/div>\n\t\t\t\t<\/div>\n\t\t\t\t\t<\/div>\n\t\t<\/div>\n\t\t\t\t\t\t\t<\/div>\n\t\t<\/section>\n\t\t\t\t\t\t\t<\/div>\n\t\t","protected":false},"excerpt":{"rendered":"<p>Venta de Consumibles art\u00edculos de Computaci\u00f3n; entre otros puntos que nuestros Ejecutivos de venta le explicaran minuciosamente. Ventas de equipos de computaci\u00f3n y sus diversos componentes Venta de accesorios de &#8230;<\/p>\n","protected":false},"author":1,"featured_media":0,"parent":0,"menu_order":0,"comment_status":"closed","ping_status":"closed","template":"","meta":{"_joinchat":[],"footnotes":""},"class_list":["post-1581","page","type-page","status-publish","hentry"],"yoast_head":"<!-- This site is optimized with the Yoast SEO plugin v20.1 - https:\/\/yoast.com\/wordpress\/plugins\/seo\/ -->\n<title>Servicios - Slackware de Venezuela<\/title>\n<meta name=\"description\" content=\"Servicios Slackware de Venezuela -\" \/>\n<meta name=\"robots\" content=\"index, follow, max-snippet:-1, max-image-preview:large, max-video-preview:-1\" \/>\n<link rel=\"canonical\" href=\"https:\/\/slackware.org.ve\/?page_id=1581\" \/>\n<meta property=\"og:locale\" content=\"es_ES\" \/>\n<meta property=\"og:type\" content=\"article\" \/>\n<meta property=\"og:title\" content=\"Servicios - Slackware de Venezuela\" \/>\n<meta property=\"og:description\" content=\"Servicios Slackware de Venezuela -\" \/>\n<meta property=\"og:url\" content=\"https:\/\/slackware.org.ve\/?page_id=1581\" \/>\n<meta property=\"og:site_name\" content=\"Slackware de Venezuela\" \/>\n<meta property=\"article:modified_time\" content=\"2023-02-25T16:56:27+00:00\" \/>\n<meta property=\"og:image\" content=\"http:\/\/slackware.org.ve\/wp-content\/uploads\/2023\/02\/klipartz.com_-480x300.png\" \/>\n<meta name=\"twitter:card\" content=\"summary_large_image\" \/>\n<meta name=\"twitter:label1\" content=\"Tiempo de lectura\" \/>\n\t<meta name=\"twitter:data1\" content=\"3 minutos\" \/>\n<script type=\"application\/ld+json\" class=\"yoast-schema-graph\">{\"@context\":\"https:\/\/schema.org\",\"@graph\":[{\"@type\":\"WebPage\",\"@id\":\"https:\/\/slackware.org.ve\/?page_id=1581\",\"url\":\"https:\/\/slackware.org.ve\/?page_id=1581\",\"name\":\"Servicios - Slackware de Venezuela\",\"isPartOf\":{\"@id\":\"https:\/\/slackware.org.ve\/#website\"},\"datePublished\":\"2023-02-25T16:42:05+00:00\",\"dateModified\":\"2023-02-25T16:56:27+00:00\",\"description\":\"Servicios Slackware de Venezuela -\",\"breadcrumb\":{\"@id\":\"https:\/\/slackware.org.ve\/?page_id=1581#breadcrumb\"},\"inLanguage\":\"es\",\"potentialAction\":[{\"@type\":\"ReadAction\",\"target\":[\"https:\/\/slackware.org.ve\/?page_id=1581\"]}]},{\"@type\":\"BreadcrumbList\",\"@id\":\"https:\/\/slackware.org.ve\/?page_id=1581#breadcrumb\",\"itemListElement\":[{\"@type\":\"ListItem\",\"position\":1,\"name\":\"Portada\",\"item\":\"https:\/\/slackware.org.ve\/\"},{\"@type\":\"ListItem\",\"position\":2,\"name\":\"Servicios\"}]},{\"@type\":\"WebSite\",\"@id\":\"https:\/\/slackware.org.ve\/#website\",\"url\":\"https:\/\/slackware.org.ve\/\",\"name\":\"Slackware de Venezuela\",\"description\":\"\",\"publisher\":{\"@id\":\"https:\/\/slackware.org.ve\/#organization\"},\"alternateName\":\"OpenTechnologies\",\"potentialAction\":[{\"@type\":\"SearchAction\",\"target\":{\"@type\":\"EntryPoint\",\"urlTemplate\":\"https:\/\/slackware.org.ve\/?s={search_term_string}\"},\"query-input\":\"required name=search_term_string\"}],\"inLanguage\":\"es\"},{\"@type\":\"Organization\",\"@id\":\"https:\/\/slackware.org.ve\/#organization\",\"name\":\"Slackware de Venezuela\",\"url\":\"https:\/\/slackware.org.ve\/\",\"logo\":{\"@type\":\"ImageObject\",\"inLanguage\":\"es\",\"@id\":\"https:\/\/slackware.org.ve\/#\/schema\/logo\/image\/\",\"url\":\"https:\/\/slackware.org.ve\/wp-content\/uploads\/2023\/02\/cropped-S.png\",\"contentUrl\":\"https:\/\/slackware.org.ve\/wp-content\/uploads\/2023\/02\/cropped-S.png\",\"width\":512,\"height\":512,\"caption\":\"Slackware de Venezuela\"},\"image\":{\"@id\":\"https:\/\/slackware.org.ve\/#\/schema\/logo\/image\/\"}}]}<\/script>\n<!-- \/ Yoast SEO plugin. -->","yoast_head_json":{"title":"Servicios - Slackware de Venezuela","description":"Servicios Slackware de Venezuela -","robots":{"index":"index","follow":"follow","max-snippet":"max-snippet:-1","max-image-preview":"max-image-preview:large","max-video-preview":"max-video-preview:-1"},"canonical":"https:\/\/slackware.org.ve\/?page_id=1581","og_locale":"es_ES","og_type":"article","og_title":"Servicios - Slackware de Venezuela","og_description":"Servicios Slackware de Venezuela -","og_url":"https:\/\/slackware.org.ve\/?page_id=1581","og_site_name":"Slackware de Venezuela","article_modified_time":"2023-02-25T16:56:27+00:00","og_image":[{"url":"http:\/\/slackware.org.ve\/wp-content\/uploads\/2023\/02\/klipartz.com_-480x300.png"}],"twitter_card":"summary_large_image","twitter_misc":{"Tiempo de lectura":"3 minutos"},"schema":{"@context":"https:\/\/schema.org","@graph":[{"@type":"WebPage","@id":"https:\/\/slackware.org.ve\/?page_id=1581","url":"https:\/\/slackware.org.ve\/?page_id=1581","name":"Servicios - Slackware de Venezuela","isPartOf":{"@id":"https:\/\/slackware.org.ve\/#website"},"datePublished":"2023-02-25T16:42:05+00:00","dateModified":"2023-02-25T16:56:27+00:00","description":"Servicios Slackware de Venezuela -","breadcrumb":{"@id":"https:\/\/slackware.org.ve\/?page_id=1581#breadcrumb"},"inLanguage":"es","potentialAction":[{"@type":"ReadAction","target":["https:\/\/slackware.org.ve\/?page_id=1581"]}]},{"@type":"BreadcrumbList","@id":"https:\/\/slackware.org.ve\/?page_id=1581#breadcrumb","itemListElement":[{"@type":"ListItem","position":1,"name":"Portada","item":"https:\/\/slackware.org.ve\/"},{"@type":"ListItem","position":2,"name":"Servicios"}]},{"@type":"WebSite","@id":"https:\/\/slackware.org.ve\/#website","url":"https:\/\/slackware.org.ve\/","name":"Slackware de Venezuela","description":"","publisher":{"@id":"https:\/\/slackware.org.ve\/#organization"},"alternateName":"OpenTechnologies","potentialAction":[{"@type":"SearchAction","target":{"@type":"EntryPoint","urlTemplate":"https:\/\/slackware.org.ve\/?s={search_term_string}"},"query-input":"required name=search_term_string"}],"inLanguage":"es"},{"@type":"Organization","@id":"https:\/\/slackware.org.ve\/#organization","name":"Slackware de Venezuela","url":"https:\/\/slackware.org.ve\/","logo":{"@type":"ImageObject","inLanguage":"es","@id":"https:\/\/slackware.org.ve\/#\/schema\/logo\/image\/","url":"https:\/\/slackware.org.ve\/wp-content\/uploads\/2023\/02\/cropped-S.png","contentUrl":"https:\/\/slackware.org.ve\/wp-content\/uploads\/2023\/02\/cropped-S.png","width":512,"height":512,"caption":"Slackware de Venezuela"},"image":{"@id":"https:\/\/slackware.org.ve\/#\/schema\/logo\/image\/"}}]}},"_links":{"self":[{"href":"https:\/\/slackware.org.ve\/index.php?rest_route=\/wp\/v2\/pages\/1581","targetHints":{"allow":["GET"]}}],"collection":[{"href":"https:\/\/slackware.org.ve\/index.php?rest_route=\/wp\/v2\/pages"}],"about":[{"href":"https:\/\/slackware.org.ve\/index.php?rest_route=\/wp\/v2\/types\/page"}],"author":[{"embeddable":true,"href":"https:\/\/slackware.org.ve\/index.php?rest_route=\/wp\/v2\/users\/1"}],"replies":[{"embeddable":true,"href":"https:\/\/slackware.org.ve\/index.php?rest_route=%2Fwp%2Fv2%2Fcomments&post=1581"}],"version-history":[{"count":10,"href":"https:\/\/slackware.org.ve\/index.php?rest_route=\/wp\/v2\/pages\/1581\/revisions"}],"predecessor-version":[{"id":1596,"href":"https:\/\/slackware.org.ve\/index.php?rest_route=\/wp\/v2\/pages\/1581\/revisions\/1596"}],"wp:attachment":[{"href":"https:\/\/slackware.org.ve\/index.php?rest_route=%2Fwp%2Fv2%2Fmedia&parent=1581"}],"curies":[{"name":"wp","href":"https:\/\/api.w.org\/{rel}","templated":true}]}}